{"id":62,"date":"2023-10-02T22:00:29","date_gmt":"2023-10-02T21:00:29","guid":{"rendered":"https:\/\/parafiakotlin.pl\/?page_id=62"},"modified":"2023-10-02T22:01:50","modified_gmt":"2023-10-02T21:01:50","slug":"o-parafii","status":"publish","type":"page","link":"https:\/\/parafiakotlin.pl\/index.php\/o-parafii\/","title":{"rendered":"O parafii"},"content":{"rendered":"<p><span style=\"font-size: 20px;\">Nasza\u00a0Parafia le\u017cy w\u00a0po\u0142udniowej cz\u0119\u015bci wojew\u00f3dztwa wielkopolskiego, w\u00a0powiecie jaroci\u0144skim, na\u00a0terenie gminy Kotlin i\u00a0liczy ok.\u00a02600\u00a0wiernych.<\/span><br \/>\n<span style=\"font-size: 20px;\">Patronem\u00a0Parafii i\u00a0ko\u015bcio\u0142a parafialnego jest \u015aw.\u00a0Kazimierz Kr\u00f3lewicz. Odpust\u00a0parafialny prze\u017cywamy 4\u00a0marca.<\/span><\/p>\n<p style=\"text-align: justify;\"><span style=\"font-size: 20px;\">Obecny ko\u015bci\u00f3\u0142 zbudowano w 1858 r. Jego budow\u0119 rozpocz\u0105\u0142 ks. Wojciech Niedzielski, a ko\u0144czy\u0142 ks. Stanis\u0142aw Rymarkiewicz. G\u0142\u00f3wnym fundatorem by\u0142 Teodor Muku\u0142owski. Ko\u015bci\u00f3\u0142 jest orientowany (usytuowany wsch\u00f3d-zach\u00f3d), neogotycki, jednonawowy, murowany z ceg\u0142y, bezwie\u017cowy z sygaturk\u0105, z boczn\u0105 kaplic\u0105 oraz ni\u017csz\u0105 od nich zakrysti\u0105. D\u0142ugo\u015b\u0107 ko\u015bcio\u0142a wraz z zakrysti\u0105 wynosi 29 m, szeroko\u015b\u0107 11 m, wysoko\u015b\u0107 8,5 m. Ko\u015bci\u00f3\u0142 jest podpiwniczony, jedynie pod kaplic\u0105 znajduje si\u0119 grobowiec rodziny Muku\u0142owskich. Wn\u0119trze utrzymane jest w stylu barokowym, o\u0142tarze drewniane o tym samym uk\u0142adzie konstrukcyjnym i rytmicznym, polichromowane ze z\u0142oceniami &#8211; s\u0105 znacznie starsze, bo pochodz\u0105 z ko\u015bcio\u0142a z 1734 r. W czasie II wojny \u015bwiatowej ko\u015bci\u00f3\u0142 pe\u0142ni\u0142 funkcj\u0119 magazynu. Obraz w g\u0142\u00f3wnym o\u0142tarzu jest kopi\u0105 obrazu Murilla znajduj\u0105cego si\u0119 w Rzymie.<\/span><\/p>\n<p style=\"text-align: justify;\"><span style=\"font-size: 20px;\">Obecnie\u00a0parafia nale\u017cy do\u00a0utworzonej w\u00a01992\u00a0r. Diecezji Kaliskiej i\u00a0wraz\u00a0z\u00a08\u00a0pobliskimi parafiami (Broniszewice, Broniszewice Nowe, Chocz, Czermin, Grodzisko n.\u00a0Prosn\u0105, S\u0142awoszew, Strzydzew, \u017begocin) wsp\u00f3\u0142tworzy Dekanat Czermi\u0144ski.<\/span><\/p>\n","protected":false},"excerpt":{"rendered":"<p>Nasza\u00a0Parafia le\u017cy w\u00a0po\u0142udniowej cz\u0119\u015bci wojew\u00f3dztwa wielkopolskiego, w\u00a0powiecie jaroci\u0144skim, na\u00a0terenie gminy Kotlin i\u00a0liczy ok.\u00a02600\u00a0wiernych. Patronem\u00a0Parafii i\u00a0ko\u015bcio\u0142a parafialnego jest \u015aw.\u00a0Kazimierz Kr\u00f3lewicz. Odpust\u00a0parafialny prze\u017cywamy 4\u00a0marca. Obecny ko\u015bci\u00f3\u0142 zbudowano w 1858 r. Jego budow\u0119 rozpocz\u0105\u0142 ks. Wojciech Niedzielski, a ko\u0144czy\u0142 ks. Stanis\u0142aw Rymarkiewicz. G\u0142\u00f3wnym <span class=\"excerpt-dots\">&hellip;<\/span> <a class=\"more-link\" href=\"https:\/\/parafiakotlin.pl\/index.php\/o-parafii\/\"><span class=\"more-msg\">Czytaj dalej &rarr;<\/span><\/a><\/p>\n","protected":false},"author":1,"featured_media":0,"parent":0,"menu_order":0,"comment_status":"closed","ping_status":"closed","template":"","meta":{"footnotes":""},"yoast_head":"<!-- This site is optimized with the Yoast SEO plugin v23.5 - https:\/\/yoast.com\/wordpress\/plugins\/seo\/ -->\n<title>O parafii - Parafia pw. \u015aw. Kazimierza w Kotlinie<\/title>\n<meta name=\"robots\" content=\"index, follow, max-snippet:-1, max-image-preview:large, max-video-preview:-1\" \/>\n<link rel=\"canonical\" href=\"https:\/\/parafiakotlin.pl\/index.php\/o-parafii\/\" \/>\n<meta property=\"og:locale\" content=\"pl_PL\" \/>\n<meta property=\"og:type\" content=\"article\" \/>\n<meta property=\"og:title\" content=\"O parafii - Parafia pw. \u015aw. Kazimierza w Kotlinie\" \/>\n<meta property=\"og:description\" content=\"Nasza\u00a0Parafia le\u017cy w\u00a0po\u0142udniowej cz\u0119\u015bci wojew\u00f3dztwa wielkopolskiego, w\u00a0powiecie jaroci\u0144skim, na\u00a0terenie gminy Kotlin i\u00a0liczy ok.\u00a02600\u00a0wiernych. Patronem\u00a0Parafii i\u00a0ko\u015bcio\u0142a parafialnego jest \u015aw.\u00a0Kazimierz Kr\u00f3lewicz. Odpust\u00a0parafialny prze\u017cywamy 4\u00a0marca. Obecny ko\u015bci\u00f3\u0142 zbudowano w 1858 r. Jego budow\u0119 rozpocz\u0105\u0142 ks. Wojciech Niedzielski, a ko\u0144czy\u0142 ks. Stanis\u0142aw Rymarkiewicz. G\u0142\u00f3wnym &hellip; Czytaj dalej &rarr;\" \/>\n<meta property=\"og:url\" content=\"https:\/\/parafiakotlin.pl\/index.php\/o-parafii\/\" \/>\n<meta property=\"og:site_name\" content=\"Parafia pw. \u015aw. Kazimierza w Kotlinie\" \/>\n<meta property=\"article:modified_time\" content=\"2023-10-02T21:01:50+00:00\" \/>\n<meta name=\"twitter:card\" content=\"summary_large_image\" \/>\n<meta name=\"twitter:label1\" content=\"Szacowany czas czytania\" \/>\n\t<meta name=\"twitter:data1\" content=\"1 minuta\" \/>\n<script type=\"application\/ld+json\" class=\"yoast-schema-graph\">{\"@context\":\"https:\/\/schema.org\",\"@graph\":[{\"@type\":\"WebPage\",\"@id\":\"https:\/\/parafiakotlin.pl\/index.php\/o-parafii\/\",\"url\":\"https:\/\/parafiakotlin.pl\/index.php\/o-parafii\/\",\"name\":\"O parafii - Parafia pw. \u015aw. Kazimierza w Kotlinie\",\"isPartOf\":{\"@id\":\"https:\/\/parafiakotlin.pl\/#website\"},\"datePublished\":\"2023-10-02T21:00:29+00:00\",\"dateModified\":\"2023-10-02T21:01:50+00:00\",\"breadcrumb\":{\"@id\":\"https:\/\/parafiakotlin.pl\/index.php\/o-parafii\/#breadcrumb\"},\"inLanguage\":\"pl-PL\",\"potentialAction\":[{\"@type\":\"ReadAction\",\"target\":[\"https:\/\/parafiakotlin.pl\/index.php\/o-parafii\/\"]}]},{\"@type\":\"BreadcrumbList\",\"@id\":\"https:\/\/parafiakotlin.pl\/index.php\/o-parafii\/#breadcrumb\",\"itemListElement\":[{\"@type\":\"ListItem\",\"position\":1,\"name\":\"Strona g\u0142\u00f3wna\",\"item\":\"https:\/\/parafiakotlin.pl\/\"},{\"@type\":\"ListItem\",\"position\":2,\"name\":\"O&nbsp;parafii\"}]},{\"@type\":\"WebSite\",\"@id\":\"https:\/\/parafiakotlin.pl\/#website\",\"url\":\"https:\/\/parafiakotlin.pl\/\",\"name\":\"Parafia pw. \u015aw. Kazimierza w Kotlinie\",\"description\":\"\",\"potentialAction\":[{\"@type\":\"SearchAction\",\"target\":{\"@type\":\"EntryPoint\",\"urlTemplate\":\"https:\/\/parafiakotlin.pl\/?s={search_term_string}\"},\"query-input\":{\"@type\":\"PropertyValueSpecification\",\"valueRequired\":true,\"valueName\":\"search_term_string\"}}],\"inLanguage\":\"pl-PL\"}]}<\/script>\n<!-- \/ Yoast SEO plugin. -->","yoast_head_json":{"title":"O parafii - Parafia pw. \u015aw. Kazimierza w Kotlinie","robots":{"index":"index","follow":"follow","max-snippet":"max-snippet:-1","max-image-preview":"max-image-preview:large","max-video-preview":"max-video-preview:-1"},"canonical":"https:\/\/parafiakotlin.pl\/index.php\/o-parafii\/","og_locale":"pl_PL","og_type":"article","og_title":"O parafii - Parafia pw. \u015aw. Kazimierza w Kotlinie","og_description":"Nasza\u00a0Parafia le\u017cy w\u00a0po\u0142udniowej cz\u0119\u015bci wojew\u00f3dztwa wielkopolskiego, w\u00a0powiecie jaroci\u0144skim, na\u00a0terenie gminy Kotlin i\u00a0liczy ok.\u00a02600\u00a0wiernych. Patronem\u00a0Parafii i\u00a0ko\u015bcio\u0142a parafialnego jest \u015aw.\u00a0Kazimierz Kr\u00f3lewicz. Odpust\u00a0parafialny prze\u017cywamy 4\u00a0marca. Obecny ko\u015bci\u00f3\u0142 zbudowano w 1858 r. Jego budow\u0119 rozpocz\u0105\u0142 ks. Wojciech Niedzielski, a ko\u0144czy\u0142 ks. Stanis\u0142aw Rymarkiewicz. G\u0142\u00f3wnym &hellip; Czytaj dalej &rarr;","og_url":"https:\/\/parafiakotlin.pl\/index.php\/o-parafii\/","og_site_name":"Parafia pw. \u015aw. Kazimierza w Kotlinie","article_modified_time":"2023-10-02T21:01:50+00:00","twitter_card":"summary_large_image","twitter_misc":{"Szacowany czas czytania":"1 minuta"},"schema":{"@context":"https:\/\/schema.org","@graph":[{"@type":"WebPage","@id":"https:\/\/parafiakotlin.pl\/index.php\/o-parafii\/","url":"https:\/\/parafiakotlin.pl\/index.php\/o-parafii\/","name":"O parafii - Parafia pw. \u015aw. Kazimierza w Kotlinie","isPartOf":{"@id":"https:\/\/parafiakotlin.pl\/#website"},"datePublished":"2023-10-02T21:00:29+00:00","dateModified":"2023-10-02T21:01:50+00:00","breadcrumb":{"@id":"https:\/\/parafiakotlin.pl\/index.php\/o-parafii\/#breadcrumb"},"inLanguage":"pl-PL","potentialAction":[{"@type":"ReadAction","target":["https:\/\/parafiakotlin.pl\/index.php\/o-parafii\/"]}]},{"@type":"BreadcrumbList","@id":"https:\/\/parafiakotlin.pl\/index.php\/o-parafii\/#breadcrumb","itemListElement":[{"@type":"ListItem","position":1,"name":"Strona g\u0142\u00f3wna","item":"https:\/\/parafiakotlin.pl\/"},{"@type":"ListItem","position":2,"name":"O&nbsp;parafii"}]},{"@type":"WebSite","@id":"https:\/\/parafiakotlin.pl\/#website","url":"https:\/\/parafiakotlin.pl\/","name":"Parafia pw. \u015aw. Kazimierza w Kotlinie","description":"","potentialAction":[{"@type":"SearchAction","target":{"@type":"EntryPoint","urlTemplate":"https:\/\/parafiakotlin.pl\/?s={search_term_string}"},"query-input":{"@type":"PropertyValueSpecification","valueRequired":true,"valueName":"search_term_string"}}],"inLanguage":"pl-PL"}]}},"_links":{"self":[{"href":"https:\/\/parafiakotlin.pl\/index.php\/wp-json\/wp\/v2\/pages\/62"}],"collection":[{"href":"https:\/\/parafiakotlin.pl\/index.php\/wp-json\/wp\/v2\/pages"}],"about":[{"href":"https:\/\/parafiakotlin.pl\/index.php\/wp-json\/wp\/v2\/types\/page"}],"author":[{"embeddable":true,"href":"https:\/\/parafiakotlin.pl\/index.php\/wp-json\/wp\/v2\/users\/1"}],"replies":[{"embeddable":true,"href":"https:\/\/parafiakotlin.pl\/index.php\/wp-json\/wp\/v2\/comments?post=62"}],"version-history":[{"count":4,"href":"https:\/\/parafiakotlin.pl\/index.php\/wp-json\/wp\/v2\/pages\/62\/revisions"}],"predecessor-version":[{"id":67,"href":"https:\/\/parafiakotlin.pl\/index.php\/wp-json\/wp\/v2\/pages\/62\/revisions\/67"}],"wp:attachment":[{"href":"https:\/\/parafiakotlin.pl\/index.php\/wp-json\/wp\/v2\/media?parent=62"}],"curies":[{"name":"wp","href":"https:\/\/api.w.org\/{rel}","templated":true}]}}